{"id":17,"date":"2017-08-25T09:06:58","date_gmt":"2017-08-25T09:06:58","guid":{"rendered":"http:\/\/oystesejfl.org\/?page_id=17"},"modified":"2022-03-01T06:52:47","modified_gmt":"2022-03-01T06:52:47","slug":"about","status":"publish","type":"page","link":"https:\/\/oystesejfl.org\/index.php\/about\/","title":{"rendered":"Om"},"content":{"rendered":"<p>\u00d8ystese Jeger- og Fiskarlag er eit lag for alle, og a<span class=\"TextRun SCXW49462139 BCX8\" lang=\"NN-NO\" xml:lang=\"NN-NO\" data-contrast=\"auto\"><span class=\"NormalTextRun SCXW49462139 BCX8\">lle som vil arbeida for laget sitt program kan verta medlemer av laget. Medlemene vert delte inn i dei kategoriar som til ei kvar tid samsvarer med m\u00f8nstervedtektene til NJFF.<\/span><\/span><span class=\"EOP SCXW49462139 BCX8\" data-ccp-props=\"{}\">\u00a0<\/span><\/p>\n<p><span data-contrast=\"auto\">Laget sine f\u00f8rem\u00e5l er<\/span><span data-ccp-props=\"{}\">\u00a0<\/span><\/p>\n<ul>\n<li><span data-contrast=\"auto\">\u00c5 knyta jegerar og fiskarar og andre interesserte saman til felles arbeid for \u00e5 auke vilt- og fiskebestanden ved positive tiltak i arbeidsomr\u00e5det til laget.<\/span><span data-ccp-props=\"{}\">\u00a0<\/span><\/li>\n<li><span data-contrast=\"auto\">\u00c5 arbeida for human jakt og ferd i skog og fjell<\/span><span data-ccp-props=\"{}\">\u00a0<\/span><\/li>\n<li><span data-contrast=\"auto\">\u00c5 arbeida for betre dugleik i bruken av v\u00e5pen og fiskereidskap.<\/span><span data-ccp-props=\"{}\">\u00a0<\/span><\/li>\n<\/ul>\n<p>\u00d8nsker du \u00e5 bli medlem, s\u00e5 f\u00f8lg linken:\u00a0<a href=\"https:\/\/www.njff.no\/medlem\">https:\/\/www.njff.no\/medlem<\/a><\/p>\n<h4>Velkommen skal du v\u00e6re!<\/h4>\n","protected":false},"excerpt":{"rendered":"<p>\u00d8ystese Jeger- og Fiskarlag er eit lag for alle, og alle som vil arbeida for laget sitt program kan verta medlemer av laget. Medlemene vert delte inn i dei kategoriar som til ei kvar tid samsvarer med m\u00f8nstervedtektene til NJFF.\u00a0 &hellip; <a href=\"https:\/\/oystesejfl.org\/index.php\/about\/\">Les meir <span class=\"meta-nav\">&rarr;<\/span><\/a><\/p>\n","protected":false},"author":1,"featured_media":0,"parent":0,"menu_order":0,"comment_status":"closed","ping_status":"closed","template":"","meta":[],"_links":{"self":[{"href":"https:\/\/oystesejfl.org\/index.php\/wp-json\/wp\/v2\/pages\/17"}],"collection":[{"href":"https:\/\/oystesejfl.org\/index.php\/wp-json\/wp\/v2\/pages"}],"about":[{"href":"https:\/\/oystesejfl.org\/index.php\/wp-json\/wp\/v2\/types\/page"}],"author":[{"embeddable":true,"href":"https:\/\/oystesejfl.org\/index.php\/wp-json\/wp\/v2\/users\/1"}],"replies":[{"embeddable":true,"href":"https:\/\/oystesejfl.org\/index.php\/wp-json\/wp\/v2\/comments?post=17"}],"version-history":[{"count":9,"href":"https:\/\/oystesejfl.org\/index.php\/wp-json\/wp\/v2\/pages\/17\/revisions"}],"predecessor-version":[{"id":915,"href":"https:\/\/oystesejfl.org\/index.php\/wp-json\/wp\/v2\/pages\/17\/revisions\/915"}],"wp:attachment":[{"href":"https:\/\/oystesejfl.org\/index.php\/wp-json\/wp\/v2\/media?parent=17"}],"curies":[{"name":"wp","href":"https:\/\/api.w.org\/{rel}","templated":true}]}}