{"id":155,"date":"2018-01-02T19:57:23","date_gmt":"2018-01-02T19:57:23","guid":{"rendered":"http:\/\/oystesejfl.org\/?page_id=155"},"modified":"2020-04-15T15:42:35","modified_gmt":"2020-04-15T15:42:35","slug":"historie","status":"publish","type":"page","link":"https:\/\/oystesejfl.org\/index.php\/historie\/","title":{"rendered":"Historie"},"content":{"rendered":"<h1>HISTORIA TIL LAGET<\/h1>\n<h2 class=\"Artikkeloverskrift\"><span class=\"Artikkeloverskrift2\">Oppstart<\/span><\/h2>\n<p>Laget vart skipa i november 1945 som \u00d8ystese fiskarlag. I 1963 vart laget omorganisert til \u00d8ystese jeger- og fiskarlag og innmeldt i Norges Jeger- og Fiskerforbund.<\/p>\n<h2 class=\"Artikkeloverskrift\"><span class=\"Artikkeloverskrift2\">Kultivering i fjellet<\/span><\/h2>\n<p>60- og 70-talet var mykje av aktiviteten knytt til kultivering av fjellvatna i \u00d8ystese-Aust. Etter \u00e5r 2000 er det kvart \u00e5r lagt ned mange timar p\u00e5 \u00e5 kultivera Fitjadalsvatnet, og laget har i 2020 store planer om \u00e5 \u00f8ke kulitveringsarbeidet ytterligere.<\/p>\n<h2 class=\"Artikkeloverskrift\"><span class=\"Artikkeloverskrift2\">Elva\/Vetleheim<\/span><\/h2>\n<p>P\u00e5 70-talet var fisket i elva fantastisk (i alle fall i h\u00f8ve til i dag) og aktiviteten stor. Laget dreiv eit lite klekkeri.<\/p>\n<p>Lagshuset Vetleheim i Sjusetevegen vart kj\u00f8pt og pussa opp i slutten av 70-talet. I kjellaren vart det innreidd nytt klekkeri. I tillegg vart det sett opp eit stamfiskhus p\u00e5 eigedomen.<\/p>\n<p>I 2008 vart klekkeriet fjerna og rommet gjort om til eit aktivitetsrom for laget.I tillegg vart det laga toalett i huset.<\/p>\n<h2 class=\"Artikkeloverskrift\"><span class=\"Artikkeloverskrift2\">Blekeld i Fitjadalen<\/span><\/h2>\n<p>P\u00e5 Kvam Herad sitt omr\u00e5de Blekeld ved Fitjadalsvatn har laget laga bryggje, toalett og eit grindbygg for grilling o.l. Det heile byrja med at laget fekk l\u00f8yve til \u00e5 byggje ei brygge m\/b\u00e5tfeste. I 2001 vart s\u00e5 bryggja sett opp, og b\u00e5t kom p\u00e5 plass. B\u00e5ten kan leigast av alle. N\u00f8klar kan l\u00e5nast p\u00e5 statoilstasjonen i \u00d8ystese.<\/p>\n<p>Alle bygga er tilrettelagt for r\u00f8rslehemma, vi m\u00e5 d\u00e5 spesielt nevne at p\u00e5 bryggja er det heis for rullestolbrukarar slik at r\u00f8rslehemma skal f\u00e5 moglegheit til ein tur p\u00e5 Fitjadalsvatn, gjerne med fiskestong. N.B! brukar m\u00e5 ha hjelpar for \u00e5 nytta heisen for r\u00f8rslehemma, b\u00e5ten er utstyrt med spesialsete for dette bruk.<\/p>\n<h2 class=\"Artikkeloverskrift\"><span class=\"Artikkeloverskrift2\">Skytebanen p\u00e5 Melstveit<\/span><\/h2>\n<p>Alt p\u00e5 slutten av 60-talet dreiv ein med leirdueskyting, f\u00f8rst i sandtaket i \u00d8ystese, seinare p\u00e5 Melstveit. I 1980 bygde ein banen som var i bruk til ca 2018.<\/p>\n<h2>Vangdals\u00e5sen skytebaner<\/h2>\n<p>Fr\u00e5 2015 er laget i gang med \u00e5 byggja nye banar i Vangdals\u00e5sen. \u00a0 Ved slutten av 2017 var ny elgbane- og \u00a0jaktfeltanlegg teke i bruk. Fullt ferdig v\u00e5re 2019 vil ein ogs\u00e5 ha trapbane, skeetbane, sportinganlegg p\u00e5 plass. Jaktfeltanlegg for hagle er ogs\u00e5 under vurdering.<\/p>\n","protected":false},"excerpt":{"rendered":"<p>HISTORIA TIL LAGET Oppstart Laget vart skipa i november 1945 som \u00d8ystese fiskarlag. I 1963 vart laget omorganisert til \u00d8ystese jeger- og fiskarlag og innmeldt i Norges Jeger- og Fiskerforbund. Kultivering i fjellet 60- og 70-talet var mykje av aktiviteten &hellip; <a href=\"https:\/\/oystesejfl.org\/index.php\/historie\/\">Les meir <span class=\"meta-nav\">&rarr;<\/span><\/a><\/p>\n","protected":false},"author":1,"featured_media":0,"parent":0,"menu_order":0,"comment_status":"closed","ping_status":"closed","template":"","meta":[],"_links":{"self":[{"href":"https:\/\/oystesejfl.org\/index.php\/wp-json\/wp\/v2\/pages\/155"}],"collection":[{"href":"https:\/\/oystesejfl.org\/index.php\/wp-json\/wp\/v2\/pages"}],"about":[{"href":"https:\/\/oystesejfl.org\/index.php\/wp-json\/wp\/v2\/types\/page"}],"author":[{"embeddable":true,"href":"https:\/\/oystesejfl.org\/index.php\/wp-json\/wp\/v2\/users\/1"}],"replies":[{"embeddable":true,"href":"https:\/\/oystesejfl.org\/index.php\/wp-json\/wp\/v2\/comments?post=155"}],"version-history":[{"count":3,"href":"https:\/\/oystesejfl.org\/index.php\/wp-json\/wp\/v2\/pages\/155\/revisions"}],"predecessor-version":[{"id":607,"href":"https:\/\/oystesejfl.org\/index.php\/wp-json\/wp\/v2\/pages\/155\/revisions\/607"}],"wp:attachment":[{"href":"https:\/\/oystesejfl.org\/index.php\/wp-json\/wp\/v2\/media?parent=155"}],"curies":[{"name":"wp","href":"https:\/\/api.w.org\/{rel}","templated":true}]}}