{"id":141,"date":"2018-01-02T18:01:57","date_gmt":"2018-01-02T18:01:57","guid":{"rendered":"http:\/\/oystesejfl.org\/?page_id=141"},"modified":"2018-01-21T22:11:23","modified_gmt":"2018-01-21T22:11:23","slug":"fiskekort-i-fjellet","status":"publish","type":"page","link":"https:\/\/oystesejfl.org\/index.php\/fiskekort-i-fjellet\/","title":{"rendered":"Fiskekort"},"content":{"rendered":"<h1>FISKEKORT I FJELLET<\/h1>\n<p>\u00d8JFL administrerer kortsal og kultiveringsarbeid i \u00d8ystese Aust grunneigarlag sitt omr\u00e5de. Dette omr\u00e5det strekkjer seg fr\u00e5 \u00d8ystese i s\u00f8r, til Hamlagr\u00f8\/Voss i Nord, \u00d8ystese Vest\/Fuglafjell\/Vaksdal i Vest og mot Fyksesund\/Botnen\/Flatab\u00f8dalen i aust<\/p>\n<p><img loading=\"lazy\" class=\"wp-image-216 aligncenter\" src=\"http:\/\/oystesejfl.org\/wp-content\/uploads\/2018\/01\/kart3-300x248.jpg\" alt=\"\" width=\"462\" height=\"382\" srcset=\"https:\/\/oystesejfl.org\/wp-content\/uploads\/2018\/01\/kart3-300x248.jpg 300w, https:\/\/oystesejfl.org\/wp-content\/uploads\/2018\/01\/kart3.jpg 480w\" sizes=\"(max-width: 462px) 100vw, 462px\" \/><\/p>\n<p>Fiskekort kan kj\u00f8past p\u00e5 MX-sport i \u00d8ystese, p\u00e5 Fetet i Fitjadalen, mellom Osen og Lie ved Hamlagr\u00f8vatnet eller ved \u00e5 bruka Vipps nr 101022.<\/p>\n<p>Prisar:<\/p>\n<table>\n<tbody>\n<tr>\n<th><\/th>\n<th>Vekekort<\/th>\n<th>Sesongkort<\/th>\n<\/tr>\n<tr>\n<td width=\"205\">Medlem<\/td>\n<td width=\"205\">Vert ikkje seld<\/td>\n<td width=\"205\">100<\/td>\n<\/tr>\n<tr>\n<td width=\"205\">Ikkje medlem<\/td>\n<td width=\"205\">100<\/td>\n<td width=\"205\">250<\/td>\n<\/tr>\n<\/tbody>\n<\/table>\n<p>Barn\/ungdomar opp til og med 16 \u00e5r treng ikkje fiskekort<\/p>\n","protected":false},"excerpt":{"rendered":"<p>FISKEKORT I FJELLET \u00d8JFL administrerer kortsal og kultiveringsarbeid i \u00d8ystese Aust grunneigarlag sitt omr\u00e5de. Dette omr\u00e5det strekkjer seg fr\u00e5 \u00d8ystese i s\u00f8r, til Hamlagr\u00f8\/Voss i Nord, \u00d8ystese Vest\/Fuglafjell\/Vaksdal i Vest og mot Fyksesund\/Botnen\/Flatab\u00f8dalen i aust Fiskekort kan kj\u00f8past p\u00e5 MX-sport &hellip; <a href=\"https:\/\/oystesejfl.org\/index.php\/fiskekort-i-fjellet\/\">Les meir <span class=\"meta-nav\">&rarr;<\/span><\/a><\/p>\n","protected":false},"author":1,"featured_media":0,"parent":0,"menu_order":0,"comment_status":"closed","ping_status":"closed","template":"","meta":[],"_links":{"self":[{"href":"https:\/\/oystesejfl.org\/index.php\/wp-json\/wp\/v2\/pages\/141"}],"collection":[{"href":"https:\/\/oystesejfl.org\/index.php\/wp-json\/wp\/v2\/pages"}],"about":[{"href":"https:\/\/oystesejfl.org\/index.php\/wp-json\/wp\/v2\/types\/page"}],"author":[{"embeddable":true,"href":"https:\/\/oystesejfl.org\/index.php\/wp-json\/wp\/v2\/users\/1"}],"replies":[{"embeddable":true,"href":"https:\/\/oystesejfl.org\/index.php\/wp-json\/wp\/v2\/comments?post=141"}],"version-history":[{"count":6,"href":"https:\/\/oystesejfl.org\/index.php\/wp-json\/wp\/v2\/pages\/141\/revisions"}],"predecessor-version":[{"id":218,"href":"https:\/\/oystesejfl.org\/index.php\/wp-json\/wp\/v2\/pages\/141\/revisions\/218"}],"wp:attachment":[{"href":"https:\/\/oystesejfl.org\/index.php\/wp-json\/wp\/v2\/media?parent=141"}],"curies":[{"name":"wp","href":"https:\/\/api.w.org\/{rel}","templated":true}]}}