{"id":137,"date":"2018-01-02T18:00:36","date_gmt":"2018-01-02T18:00:36","guid":{"rendered":"http:\/\/oystesejfl.org\/?page_id=137"},"modified":"2024-04-04T12:01:42","modified_gmt":"2024-04-04T12:01:42","slug":"fiskeutvalet","status":"publish","type":"page","link":"https:\/\/oystesejfl.org\/index.php\/fiskeutvalet\/","title":{"rendered":"Fiskeutvalet"},"content":{"rendered":"<h1>FISKEUTVALET<\/h1>\n<table>\n<tbody>\n<tr>\n<th>Funksjon<\/th>\n<th>Namn<\/th>\n<th>Telefon<\/th>\n<\/tr>\n<\/tbody>\n<tbody>\n<tr>\n<td>\u00a0Leiar<\/td>\n<td>Torbj\u00f8rn Toft<\/td>\n<td>913 14 395<\/td>\n<\/tr>\n<tr>\n<td>\u00a0Medlem<\/td>\n<td>\u00a0Frode Melstveit<\/td>\n<td>90783948<\/td>\n<\/tr>\n<tr>\n<td>\u00a0Medlem<\/td>\n<td>Arvid Huun<\/td>\n<td>90025630<\/td>\n<\/tr>\n<tr>\n<td>\u00a0Varamedlem<\/td>\n<td>\u00a0Alf Olav Melstveit<\/td>\n<td>91887128<\/td>\n<\/tr>\n<\/tbody>\n<\/table>\n<h2>Oppg\u00e5vene til utvalet er<\/h2>\n<ul>\n<li>Fremja fiskeinteresse i fjellvatn og elvar.<\/li>\n<li>Kultivering i Fitjadalen og fjellomr\u00e5det i \u00d8ystese Aust. Her er det mulighet for \u00e5 delta for dei som er interessert.<\/li>\n<li>Fiskeklubb for barn med stang, garnfiske og isfiske.<\/li>\n<li>Dersom det er interesse arrangerer me kurs i flugebitting og flugekasting.<\/li>\n<li>Utleige av b\u00e5tar og kano til bruk i fjellvatn.<\/li>\n<\/ul>\n","protected":false},"excerpt":{"rendered":"<p>FISKEUTVALET Funksjon Namn Telefon \u00a0Leiar Torbj\u00f8rn Toft 913 14 395 \u00a0Medlem \u00a0Frode Melstveit 90783948 \u00a0Medlem Arvid Huun 90025630 \u00a0Varamedlem \u00a0Alf Olav Melstveit 91887128 Oppg\u00e5vene til utvalet er Fremja fiskeinteresse i fjellvatn og elvar. Kultivering i Fitjadalen og fjellomr\u00e5det i \u00d8ystese &hellip; <a href=\"https:\/\/oystesejfl.org\/index.php\/fiskeutvalet\/\">Les meir <span class=\"meta-nav\">&rarr;<\/span><\/a><\/p>\n","protected":false},"author":1,"featured_media":0,"parent":0,"menu_order":0,"comment_status":"closed","ping_status":"closed","template":"","meta":[],"_links":{"self":[{"href":"https:\/\/oystesejfl.org\/index.php\/wp-json\/wp\/v2\/pages\/137"}],"collection":[{"href":"https:\/\/oystesejfl.org\/index.php\/wp-json\/wp\/v2\/pages"}],"about":[{"href":"https:\/\/oystesejfl.org\/index.php\/wp-json\/wp\/v2\/types\/page"}],"author":[{"embeddable":true,"href":"https:\/\/oystesejfl.org\/index.php\/wp-json\/wp\/v2\/users\/1"}],"replies":[{"embeddable":true,"href":"https:\/\/oystesejfl.org\/index.php\/wp-json\/wp\/v2\/comments?post=137"}],"version-history":[{"count":11,"href":"https:\/\/oystesejfl.org\/index.php\/wp-json\/wp\/v2\/pages\/137\/revisions"}],"predecessor-version":[{"id":1048,"href":"https:\/\/oystesejfl.org\/index.php\/wp-json\/wp\/v2\/pages\/137\/revisions\/1048"}],"wp:attachment":[{"href":"https:\/\/oystesejfl.org\/index.php\/wp-json\/wp\/v2\/media?parent=137"}],"curies":[{"name":"wp","href":"https:\/\/api.w.org\/{rel}","templated":true}]}}