{"id":129,"date":"2018-01-02T17:55:56","date_gmt":"2018-01-02T17:55:56","guid":{"rendered":"http:\/\/oystesejfl.org\/?page_id=129"},"modified":"2019-08-28T19:21:04","modified_gmt":"2019-08-28T19:21:04","slug":"skyteproven","status":"publish","type":"page","link":"https:\/\/oystesejfl.org\/index.php\/skyteproven\/","title":{"rendered":"Skytepr\u00f8ven"},"content":{"rendered":"<h1>SKYTEPR\u00d8VEN FOR STORVILTJAKT<\/h1>\n<p>Ref. Instruks om skytepr\u00f8ve for storviltjegere. Fastsatt av MD 01.12.13:<\/p>\n<p>Den \u00e5rlige skytepr\u00f8ven best\u00e5r av to deler: Obligatoriske skudd og skudd mot dyrefigur.<\/p>\n<p><strong>Obligatoriske skudd:\u00a0<\/strong>Personer som skal jakte eller felle storvilt med rifle skal dokumentere, p\u00e5 standardskjema, \u00e5 ha avlagt tredve &#8211; 30 &#8211; obligatoriske skudd f\u00f8r skyting mot dyrefigur kan gjennomf\u00f8res. Riflens kaliber m\u00e5 tilfredsstille anslagsenergikravet for jakt p\u00e5 en av storviltartene. Det er forbudt \u00e5 benytte v\u00e5pentyper som er forbudt til jakt, f.eks AG-3 o.l. Skytingen m\u00e5 foreg\u00e5 samme jakt\u00e5r.<\/p>\n<p><strong>Skudd mot dyrefigur:\u00a0<\/strong>Etter at de 30 obligatoriske skuddene er gjennomf\u00f8rt, skal jegeren\/skytteren gjennomf\u00f8re skyting mot dyrefigur ved \u00e5 velge ett av tre alternativer:<\/p>\n<p><strong>Alternativ 1: Skudd mot villreinfigur,<\/strong>\u00a05 skudd p\u00e5 100 m. Jaktammunisjon\u00a0<strong><br \/>\nAlternativ 2: Skudd mot bj\u00f8rnefigur, <\/strong>4 skudd p\u00e5 100 m p\u00e5 40 sekund mot sidefigur + 4 skudd p\u00e5 40 m p\u00e5 40 sekund mot sidefigur + 2 skudd p\u00e5 20 m p\u00e5 4 sekund mot frontfigur. Helmantlet ammunisjon.<br \/>\n<strong>Alternativ 3: S\u00f8lvmerke i elgskyting.<\/strong> Helmantlet ammunisjon<\/p>\n","protected":false},"excerpt":{"rendered":"<p>SKYTEPR\u00d8VEN FOR STORVILTJAKT Ref. Instruks om skytepr\u00f8ve for storviltjegere. Fastsatt av MD 01.12.13: Den \u00e5rlige skytepr\u00f8ven best\u00e5r av to deler: Obligatoriske skudd og skudd mot dyrefigur. Obligatoriske skudd:\u00a0Personer som skal jakte eller felle storvilt med rifle skal dokumentere, p\u00e5 standardskjema, &hellip; <a href=\"https:\/\/oystesejfl.org\/index.php\/skyteproven\/\">Les meir <span class=\"meta-nav\">&rarr;<\/span><\/a><\/p>\n","protected":false},"author":1,"featured_media":0,"parent":0,"menu_order":0,"comment_status":"closed","ping_status":"closed","template":"","meta":[],"_links":{"self":[{"href":"https:\/\/oystesejfl.org\/index.php\/wp-json\/wp\/v2\/pages\/129"}],"collection":[{"href":"https:\/\/oystesejfl.org\/index.php\/wp-json\/wp\/v2\/pages"}],"about":[{"href":"https:\/\/oystesejfl.org\/index.php\/wp-json\/wp\/v2\/types\/page"}],"author":[{"embeddable":true,"href":"https:\/\/oystesejfl.org\/index.php\/wp-json\/wp\/v2\/users\/1"}],"replies":[{"embeddable":true,"href":"https:\/\/oystesejfl.org\/index.php\/wp-json\/wp\/v2\/comments?post=129"}],"version-history":[{"count":5,"href":"https:\/\/oystesejfl.org\/index.php\/wp-json\/wp\/v2\/pages\/129\/revisions"}],"predecessor-version":[{"id":554,"href":"https:\/\/oystesejfl.org\/index.php\/wp-json\/wp\/v2\/pages\/129\/revisions\/554"}],"wp:attachment":[{"href":"https:\/\/oystesejfl.org\/index.php\/wp-json\/wp\/v2\/media?parent=129"}],"curies":[{"name":"wp","href":"https:\/\/api.w.org\/{rel}","templated":true}]}}