{"id":127,"date":"2018-01-02T17:54:44","date_gmt":"2018-01-02T17:54:44","guid":{"rendered":"http:\/\/oystesejfl.org\/?page_id=127"},"modified":"2022-05-07T09:13:05","modified_gmt":"2022-05-07T09:13:05","slug":"rifle","status":"publish","type":"page","link":"https:\/\/oystesejfl.org\/index.php\/rifle\/","title":{"rendered":"Rifle"},"content":{"rendered":"<h6>24.05.2020<\/h6>\n<p>Jegerskyting i Vangdals\u00e5sen vert gjennomf\u00f8rt\u00a0ein dag i veka f\u00f8r sommarferien (mandag) og to dagar\u00a0 i veka i august (mandag og torsdag).<\/p>\n<p>Det er mogleg \u00e5 ta oppskyting kvar kveld.<\/p>\n<p>Det er mogleg \u00e5 kj\u00f8pa treningsammunisjon (S&amp;B) samt jaktammunisjon (Fusion) p\u00e5 banen.<\/p>\n<table style=\"height: 566px;\" width=\"639\">\n<tbody>\n<tr>\n<td colspan=\"4\" width=\"580\">\u00a0<strong>\u00a0 Rifleskyting Vangdals\u00e5sen 2022<\/strong><\/td>\n<\/tr>\n<tr>\n<td><\/td>\n<td><\/td>\n<td><\/td>\n<td><\/td>\n<\/tr>\n<tr>\n<td><strong>Dato<\/strong><\/td>\n<td><strong>Tidspunkt<\/strong><\/td>\n<td><strong>Aktivitet<\/strong><\/td>\n<td><strong>Kommentar<\/strong><\/td>\n<\/tr>\n<tr>\n<td>09.05.2022<\/td>\n<td>17:30-19:00<\/td>\n<td>Elg-\/Jegerskyting<\/td>\n<td>Cato &amp; Harald<\/td>\n<\/tr>\n<tr>\n<td>12.05.2022<\/td>\n<td>17:30-19:00<\/td>\n<td>Ungdomskveld\/pizza<\/td>\n<td>Tormod, Ove &amp; Terje Lj<\/td>\n<\/tr>\n<tr>\n<td>16.05.2022<\/td>\n<td>17:30-19:00<\/td>\n<td>Elg-\/Jegerskyting<\/td>\n<td>Terje L &amp; H\u00e5kon A.<\/td>\n<\/tr>\n<tr>\n<td>23.05.2022<\/td>\n<td>17:30-19:00<\/td>\n<td>Elg-\/Jegerskyting<\/td>\n<td>Andor &amp; Morten L. B.<\/td>\n<\/tr>\n<tr>\n<td>26.05.2022<\/td>\n<td>17:30-19:00<\/td>\n<td>Ungdomskveld\/pizza<\/td>\n<td>Cato, Sjurt Tarjej, Terje Lj.<\/td>\n<\/tr>\n<tr>\n<td>30.05.2022<\/td>\n<td>17:30-19:00<\/td>\n<td>Elg-\/Jegerskyting<\/td>\n<td>Trond Are &amp; Christoffer S.<\/td>\n<\/tr>\n<tr>\n<td>06.06.2022<\/td>\n<td>17:30-20:00<\/td>\n<td>Elg-\/Jegerskyting<\/td>\n<td>Sjur Tarjej, Jarle H.<\/td>\n<\/tr>\n<tr>\n<td>09.06.22<\/td>\n<td>17:30-20:00<\/td>\n<td>Ungdomskveld\/pizza<\/td>\n<td>Ove S. Sjur Tarjej, Terje Lj.<\/td>\n<\/tr>\n<tr>\n<td>13.06.2022<\/td>\n<td>17:30-20:00<\/td>\n<td>Elg-\/Jegerskyting<\/td>\n<td>Jan Aril &amp; Terje La.<\/td>\n<\/tr>\n<tr>\n<td>20.06.2022<\/td>\n<td>17:30-20:00<\/td>\n<td>Elg-\/Jegerskyting<\/td>\n<td>Alf S. &amp; Arve L-B.<\/td>\n<\/tr>\n<tr>\n<td>27.06.2022<\/td>\n<td>17:30-20:00<\/td>\n<td>Elg-\/Jegerskyting<\/td>\n<td>Morten L-B, Terje La. og Christoffer S.<\/td>\n<\/tr>\n<\/tbody>\n<\/table>\n<table width=\"498\">\n<tbody>\n<tr>\n<td width=\"83\">\u00a0<strong>Prisar<\/strong><\/td>\n<td width=\"83\">2022<\/td>\n<td width=\"83\"><\/td>\n<td width=\"83\"><\/td>\n<td width=\"83\"><\/td>\n<td width=\"83\"><\/td>\n<\/tr>\n<tr>\n<td><\/td>\n<td><\/td>\n<td><\/td>\n<td><\/td>\n<td><\/td>\n<td><\/td>\n<\/tr>\n<tr>\n<td colspan=\"2\"><strong>Trening &#8211; per kveld<\/strong><\/td>\n<td><\/td>\n<td><\/td>\n<td><\/td>\n<td><\/td>\n<\/tr>\n<tr>\n<td><\/td>\n<td><\/td>\n<td><\/td>\n<td><\/td>\n<td><\/td>\n<td><\/td>\n<\/tr>\n<tr>\n<td><\/td>\n<td colspan=\"2\">Medlem i NJFF<\/td>\n<td>kr 50<\/td>\n<td><\/td>\n<td><\/td>\n<\/tr>\n<tr>\n<td><\/td>\n<td colspan=\"2\">Ikkje medlem i NJFF<\/td>\n<td>kr 100<\/td>\n<td><\/td>\n<td><\/td>\n<\/tr>\n<tr>\n<td><\/td>\n<td><\/td>\n<td><\/td>\n<td><\/td>\n<td><\/td>\n<td><\/td>\n<\/tr>\n<tr>\n<td colspan=\"2\"><strong>Trening &#8211; \u00e5rskort<\/strong><\/td>\n<td><\/td>\n<td><\/td>\n<td><\/td>\n<td><\/td>\n<\/tr>\n<tr>\n<td><\/td>\n<td colspan=\"2\">Medlem i NJFF<\/td>\n<td>kr 250<\/td>\n<td><\/td>\n<td><\/td>\n<\/tr>\n<tr>\n<td><\/td>\n<td colspan=\"2\">Ikkje medlem i NJFF<\/td>\n<td>kr 600<\/td>\n<td><\/td>\n<td><\/td>\n<\/tr>\n<tr>\n<td><\/td>\n<td><\/td>\n<td><\/td>\n<td><\/td>\n<td><\/td>\n<td><\/td>\n<\/tr>\n<tr>\n<td colspan=\"6\"><strong>Oppskyting &#8211; <\/strong>dette kjem i tillegg til betaling for trening og gjeld pr v\u00e5pen<\/td>\n<\/tr>\n<tr>\n<td><\/td>\n<td><\/td>\n<td><\/td>\n<td><\/td>\n<td><\/td>\n<td><\/td>\n<\/tr>\n<tr>\n<td><\/td>\n<td colspan=\"2\">Medlem i NJFF<\/td>\n<td>kr 100<\/td>\n<td><\/td>\n<td><\/td>\n<\/tr>\n<tr>\n<td><\/td>\n<td colspan=\"2\">Ikkje medlem i NJFF<\/td>\n<td>kr 200<\/td>\n<td><\/td>\n<td><\/td>\n<\/tr>\n<tr>\n<td><\/td>\n<td><\/td>\n<td><\/td>\n<td><\/td>\n<td><\/td>\n<td><\/td>\n<\/tr>\n<tr>\n<td colspan=\"4\"><strong>Treningsammunisjon &#8211; <\/strong>pris medlem\/ikkje medlem<\/td>\n<td><\/td>\n<td><\/td>\n<\/tr>\n<tr>\n<td><\/td>\n<td><\/td>\n<td><\/td>\n<td><\/td>\n<td><\/td>\n<td><\/td>\n<\/tr>\n<tr>\n<td><\/td>\n<td>6,5&#215;55<\/td>\n<td><\/td>\n<td>kr 500\/570<\/td>\n<td><\/td>\n<td><\/td>\n<\/tr>\n<tr>\n<td><\/td>\n<td>308W<\/td>\n<td><\/td>\n<td>kr 500\/550<\/td>\n<td><\/td>\n<td><\/td>\n<\/tr>\n<tr>\n<td><\/td>\n<td>30-06<\/td>\n<td><\/td>\n<td>kr\u00a0520\/600<\/td>\n<td><\/td>\n<td><\/td>\n<\/tr>\n<tr>\n<td><\/td>\n<td><\/td>\n<td><\/td>\n<td><\/td>\n<td><\/td>\n<td><\/td>\n<\/tr>\n<tr>\n<td colspan=\"2\"><strong>Jaktammunisjon<\/strong>&#8211;\u00a0Fusion<\/td>\n<td><\/td>\n<td><\/td>\n<td><\/td>\n<td><\/td>\n<\/tr>\n<tr>\n<td><\/td>\n<td><\/td>\n<td><\/td>\n<td><\/td>\n<td><\/td>\n<td><\/td>\n<\/tr>\n<tr>\n<td><\/td>\n<td>6,5&#215;55<\/td>\n<td><\/td>\n<td>kr 540\/610<\/td>\n<td><\/td>\n<td><\/td>\n<\/tr>\n<tr>\n<td><\/td>\n<td>308W<\/td>\n<td><\/td>\n<td>kr 430\/500<\/td>\n<td><\/td>\n<td><\/td>\n<\/tr>\n<tr>\n<td><\/td>\n<td>30-06<\/td>\n<td><\/td>\n<td>kr 430\/480<\/td>\n<td><\/td>\n<td><\/td>\n<\/tr>\n<tr>\n<td><\/td>\n<td><\/td>\n<td><\/td>\n<td><\/td>\n<td><\/td>\n<td><\/td>\n<\/tr>\n<\/tbody>\n<\/table>\n","protected":false},"excerpt":{"rendered":"<p>24.05.2020 Jegerskyting i Vangdals\u00e5sen vert gjennomf\u00f8rt\u00a0ein dag i veka f\u00f8r sommarferien (mandag) og to dagar\u00a0 i veka i august (mandag og torsdag). Det er mogleg \u00e5 ta oppskyting kvar kveld. Det er mogleg \u00e5 kj\u00f8pa treningsammunisjon (S&amp;B) samt jaktammunisjon (Fusion) &hellip; <a href=\"https:\/\/oystesejfl.org\/index.php\/rifle\/\">Les meir <span class=\"meta-nav\">&rarr;<\/span><\/a><\/p>\n","protected":false},"author":1,"featured_media":0,"parent":0,"menu_order":0,"comment_status":"closed","ping_status":"closed","template":"","meta":[],"_links":{"self":[{"href":"https:\/\/oystesejfl.org\/index.php\/wp-json\/wp\/v2\/pages\/127"}],"collection":[{"href":"https:\/\/oystesejfl.org\/index.php\/wp-json\/wp\/v2\/pages"}],"about":[{"href":"https:\/\/oystesejfl.org\/index.php\/wp-json\/wp\/v2\/types\/page"}],"author":[{"embeddable":true,"href":"https:\/\/oystesejfl.org\/index.php\/wp-json\/wp\/v2\/users\/1"}],"replies":[{"embeddable":true,"href":"https:\/\/oystesejfl.org\/index.php\/wp-json\/wp\/v2\/comments?post=127"}],"version-history":[{"count":23,"href":"https:\/\/oystesejfl.org\/index.php\/wp-json\/wp\/v2\/pages\/127\/revisions"}],"predecessor-version":[{"id":949,"href":"https:\/\/oystesejfl.org\/index.php\/wp-json\/wp\/v2\/pages\/127\/revisions\/949"}],"wp:attachment":[{"href":"https:\/\/oystesejfl.org\/index.php\/wp-json\/wp\/v2\/media?parent=127"}],"curies":[{"name":"wp","href":"https:\/\/api.w.org\/{rel}","templated":true}]}}