{"id":116,"date":"2018-01-02T17:46:15","date_gmt":"2018-01-02T17:46:15","guid":{"rendered":"http:\/\/oystesejfl.org\/?page_id=116"},"modified":"2020-09-30T17:56:15","modified_gmt":"2020-09-30T17:56:15","slug":"smaviltjakt","status":"publish","type":"page","link":"https:\/\/oystesejfl.org\/index.php\/smaviltjakt\/","title":{"rendered":"Sm\u00e5viltjakt"},"content":{"rendered":"<h1>SM\u00c5VILTJAKT<\/h1>\n<p>&nbsp;<br \/>\nDet er no opna for sm\u00e5viltjakt p\u00e5 \u00d8ystese Aust. G\u00e5 til <a href=\"https:\/\/www.inatur.no\/jakt\/54d9f07ee4b08c2521ef708c\/smaviltjakt-i-oystese-aust\" rel=\"noopener\" target=\"_blank\">Inatur<\/a><\/p>\n","protected":false},"excerpt":{"rendered":"<p>SM\u00c5VILTJAKT &nbsp; Det er no opna for sm\u00e5viltjakt p\u00e5 \u00d8ystese Aust. G\u00e5 til Inatur<\/p>\n","protected":false},"author":1,"featured_media":0,"parent":0,"menu_order":0,"comment_status":"closed","ping_status":"closed","template":"","meta":[],"_links":{"self":[{"href":"https:\/\/oystesejfl.org\/index.php\/wp-json\/wp\/v2\/pages\/116"}],"collection":[{"href":"https:\/\/oystesejfl.org\/index.php\/wp-json\/wp\/v2\/pages"}],"about":[{"href":"https:\/\/oystesejfl.org\/index.php\/wp-json\/wp\/v2\/types\/page"}],"author":[{"embeddable":true,"href":"https:\/\/oystesejfl.org\/index.php\/wp-json\/wp\/v2\/users\/1"}],"replies":[{"embeddable":true,"href":"https:\/\/oystesejfl.org\/index.php\/wp-json\/wp\/v2\/comments?post=116"}],"version-history":[{"count":3,"href":"https:\/\/oystesejfl.org\/index.php\/wp-json\/wp\/v2\/pages\/116\/revisions"}],"predecessor-version":[{"id":746,"href":"https:\/\/oystesejfl.org\/index.php\/wp-json\/wp\/v2\/pages\/116\/revisions\/746"}],"wp:attachment":[{"href":"https:\/\/oystesejfl.org\/index.php\/wp-json\/wp\/v2\/media?parent=116"}],"curies":[{"name":"wp","href":"https:\/\/api.w.org\/{rel}","templated":true}]}}