{"id":112,"date":"2018-01-02T17:44:30","date_gmt":"2018-01-02T17:44:30","guid":{"rendered":"http:\/\/oystesejfl.org\/?page_id=112"},"modified":"2022-04-12T06:34:11","modified_gmt":"2022-04-12T06:34:11","slug":"opplaeringsjakt","status":"publish","type":"page","link":"https:\/\/oystesejfl.org\/index.php\/opplaeringsjakt\/","title":{"rendered":"Oppl\u00e6ringsjakt"},"content":{"rendered":"<h1>OPPL\u00c6RINGSJAKT<\/h1>\n<p>Det planlegges\u00a0 oppl\u00e6ringsjakt to til tre gongar i haust 2022.<\/p>\n<p>F\u00f8lg med p\u00e5 Facebook under \u00d8ystese jeger- og fiskarlag, eller p\u00e5 lagets sider p\u00e5 NJFF: <a href=\"https:\/\/www.njff.no\/fylkeslag\/hordaland\/lokallag\/oystese\" target=\"_blank\" rel=\"noopener\">NJFF<\/a><\/p>\n","protected":false},"excerpt":{"rendered":"<p>OPPL\u00c6RINGSJAKT Det planlegges\u00a0 oppl\u00e6ringsjakt to til tre gongar i haust 2022. F\u00f8lg med p\u00e5 Facebook under \u00d8ystese jeger- og fiskarlag, eller p\u00e5 lagets sider p\u00e5 NJFF: NJFF<\/p>\n","protected":false},"author":1,"featured_media":0,"parent":0,"menu_order":0,"comment_status":"closed","ping_status":"closed","template":"","meta":[],"_links":{"self":[{"href":"https:\/\/oystesejfl.org\/index.php\/wp-json\/wp\/v2\/pages\/112"}],"collection":[{"href":"https:\/\/oystesejfl.org\/index.php\/wp-json\/wp\/v2\/pages"}],"about":[{"href":"https:\/\/oystesejfl.org\/index.php\/wp-json\/wp\/v2\/types\/page"}],"author":[{"embeddable":true,"href":"https:\/\/oystesejfl.org\/index.php\/wp-json\/wp\/v2\/users\/1"}],"replies":[{"embeddable":true,"href":"https:\/\/oystesejfl.org\/index.php\/wp-json\/wp\/v2\/comments?post=112"}],"version-history":[{"count":5,"href":"https:\/\/oystesejfl.org\/index.php\/wp-json\/wp\/v2\/pages\/112\/revisions"}],"predecessor-version":[{"id":932,"href":"https:\/\/oystesejfl.org\/index.php\/wp-json\/wp\/v2\/pages\/112\/revisions\/932"}],"wp:attachment":[{"href":"https:\/\/oystesejfl.org\/index.php\/wp-json\/wp\/v2\/media?parent=112"}],"curies":[{"name":"wp","href":"https:\/\/api.w.org\/{rel}","templated":true}]}}