{"id":110,"date":"2018-01-02T17:43:36","date_gmt":"2018-01-02T17:43:36","guid":{"rendered":"http:\/\/oystesejfl.org\/?page_id=110"},"modified":"2022-04-12T06:32:37","modified_gmt":"2022-04-12T06:32:37","slug":"jegerproven","status":"publish","type":"page","link":"https:\/\/oystesejfl.org\/index.php\/jegerproven\/","title":{"rendered":"Jegerpr\u00f8ven"},"content":{"rendered":"<h1>JEGERPR\u00d8VEN<\/h1>\n<p>Jegerpr\u00f8ven for 2022 er vel gjennomf\u00f8rt.\u00a0 Neste jegerpr\u00f8vekurs vert arrangert vinter\/v\u00e5r 2023. Meir info kjem p\u00e5 nettet og som lysing i Hordaland Folkeblad.<\/p>\n<p><strong>Litt om jegerpr\u00f8ven:<\/strong><\/p>\n<p>Det er mange gode argumenter for \u00e5 ta jegerpr\u00f8ven &#8211;\u00a0spenning, kameratskap, fysisk aktivitet og naturopplevelser er bare noen. I tillegg h\u00f8ster du av naturens spiskammer og henter hjem r\u00e5varer av ypperste kvalitet. Naturen produserer er overskudd som du jakter p\u00e5, og dyrene du skyter har levd i et naturlig milj\u00f8. Sunnere og mer \u00f8kologisk kj\u00f8tt, f\u00e5r du alts\u00e5 ikke f\u00e5 tak i.<\/p>\n<p>Men jakt er s\u00e5 mye mer enn det. Det er forventningene f\u00f8r sesongstart, det forberedelsene p\u00e5 skytebanen, det er gleden av \u00e5 ha lykkes under jakta, og det er forn\u00f8yelsen av \u00e5 kunne trylle frem den aller beste viltmiddag. Slikt sett er ikke jakta noe som bare foreg\u00e5r om h\u00f8sten. Jakta foreg\u00e5r hele \u00e5ret.<\/p>\n<ul>\n<li>Du kan g\u00e5 opp til jegerpr\u00f8ven det kalender\u00e5ret du fyller 14 \u00e5r.<\/li>\n<li>Du kan delta i sm\u00e5viltjakt med v\u00e5pen fra du er 16 \u00e5r gammel, og fra det kalender\u00e5ret du fyller 14 \u00e5r n\u00e5r du har samtykke fra foreldre eller foresatte og er under forsvarlig tilsyn av en person som har fylt 20 \u00e5r.<\/li>\n<li>Dersom du har best\u00e5tt jegerpr\u00f8ven og skytepr\u00f8ven for storviltjegere, kan du\u00a0\u200bdelta i oppl\u00e6ring p\u00e5 storviltjakt med v\u00e5pen fra det kalender\u00e5ret du fyller 16 \u00e5r n\u00e5r du har samtykke fra foreldre eller foresatte og er under forsvarlig tilsyn av en person som har fylt 20 \u00e5r.<\/li>\n<li>Det stilles krav til tilsynspersonen: Vedkommende m\u00e5 ha drevet med jakt, betalt jegeravgift i minst tre \u00e5r, og ha mulighet til \u00e5 kontrollere og instruere deg n\u00e5r du er under oppl\u00e6ring. I tillegg m\u00e5 det foreligge tillatelse fra grunneier.\u200b<\/li>\n<\/ul>\n","protected":false},"excerpt":{"rendered":"<p>JEGERPR\u00d8VEN Jegerpr\u00f8ven for 2022 er vel gjennomf\u00f8rt.\u00a0 Neste jegerpr\u00f8vekurs vert arrangert vinter\/v\u00e5r 2023. Meir info kjem p\u00e5 nettet og som lysing i Hordaland Folkeblad. Litt om jegerpr\u00f8ven: Det er mange gode argumenter for \u00e5 ta jegerpr\u00f8ven &#8211;\u00a0spenning, kameratskap, fysisk aktivitet &hellip; <a href=\"https:\/\/oystesejfl.org\/index.php\/jegerproven\/\">Les meir <span class=\"meta-nav\">&rarr;<\/span><\/a><\/p>\n","protected":false},"author":1,"featured_media":0,"parent":0,"menu_order":0,"comment_status":"closed","ping_status":"closed","template":"","meta":[],"_links":{"self":[{"href":"https:\/\/oystesejfl.org\/index.php\/wp-json\/wp\/v2\/pages\/110"}],"collection":[{"href":"https:\/\/oystesejfl.org\/index.php\/wp-json\/wp\/v2\/pages"}],"about":[{"href":"https:\/\/oystesejfl.org\/index.php\/wp-json\/wp\/v2\/types\/page"}],"author":[{"embeddable":true,"href":"https:\/\/oystesejfl.org\/index.php\/wp-json\/wp\/v2\/users\/1"}],"replies":[{"embeddable":true,"href":"https:\/\/oystesejfl.org\/index.php\/wp-json\/wp\/v2\/comments?post=110"}],"version-history":[{"count":6,"href":"https:\/\/oystesejfl.org\/index.php\/wp-json\/wp\/v2\/pages\/110\/revisions"}],"predecessor-version":[{"id":931,"href":"https:\/\/oystesejfl.org\/index.php\/wp-json\/wp\/v2\/pages\/110\/revisions\/931"}],"wp:attachment":[{"href":"https:\/\/oystesejfl.org\/index.php\/wp-json\/wp\/v2\/media?parent=110"}],"curies":[{"name":"wp","href":"https:\/\/api.w.org\/{rel}","templated":true}]}}