{"id":107,"date":"2018-01-02T17:21:38","date_gmt":"2018-01-02T17:21:38","guid":{"rendered":"http:\/\/oystesejfl.org\/?page_id=107"},"modified":"2023-05-31T16:30:45","modified_gmt":"2023-05-31T16:30:45","slug":"om-jaktutvalget","status":"publish","type":"page","link":"https:\/\/oystesejfl.org\/index.php\/om-jaktutvalget\/","title":{"rendered":"Jaktutvalet"},"content":{"rendered":"<h1>JAKT OG VILTSTELLUTVALET<\/h1>\n<table>\n<tbody>\n<tr>\n<th>Funksjon<\/th>\n<th>Namn<\/th>\n<th>Telefon<\/th>\n<\/tr>\n<\/tbody>\n<tbody>\n<tr>\n<td>\u00a0Leiar<\/td>\n<td>\u00a0H\u00e5kon Arne Laupsa<\/td>\n<td>\u00a0\u00a095089749<\/td>\n<\/tr>\n<tr>\n<td>\u00a0Medlem<\/td>\n<td>\u00a0Alf Ekaas Sandven<\/td>\n<td>\u00a0\u00a047310534<\/td>\n<\/tr>\n<tr>\n<td>\u00a0Medlem<\/td>\n<td>\u00a0David Neteland<\/td>\n<td>\u00a090297622<\/td>\n<\/tr>\n<tr>\n<td>\u00a0Varamedlem<\/td>\n<td>\u00a0Andre Bj\u00f8rke<\/td>\n<td>94895443<\/td>\n<\/tr>\n<\/tbody>\n<\/table>\n<p>Jaktutvalet sine oppg\u00e5ver er \u00e5 leggje til rette og gjennomf\u00f8re \u00e5rlege jegerpr\u00f8vekurs, arbeide for \u00e5 skaffa avtalar m\/grunneigarar om leige av jaktterreng, jaktkort samt administrere gjeldande avtaler. Ordna med jaktoppl\u00e6ring, stemne, lagskveldar o.l.<\/p>\n","protected":false},"excerpt":{"rendered":"<p>JAKT OG VILTSTELLUTVALET Funksjon Namn Telefon \u00a0Leiar \u00a0H\u00e5kon Arne Laupsa \u00a0\u00a095089749 \u00a0Medlem \u00a0Alf Ekaas Sandven \u00a0\u00a047310534 \u00a0Medlem \u00a0David Neteland \u00a090297622 \u00a0Varamedlem \u00a0Andre Bj\u00f8rke 94895443 Jaktutvalet sine oppg\u00e5ver er \u00e5 leggje til rette og gjennomf\u00f8re \u00e5rlege jegerpr\u00f8vekurs, arbeide for \u00e5 skaffa &hellip; <a href=\"https:\/\/oystesejfl.org\/index.php\/om-jaktutvalget\/\">Les meir <span class=\"meta-nav\">&rarr;<\/span><\/a><\/p>\n","protected":false},"author":1,"featured_media":0,"parent":0,"menu_order":0,"comment_status":"closed","ping_status":"closed","template":"","meta":[],"_links":{"self":[{"href":"https:\/\/oystesejfl.org\/index.php\/wp-json\/wp\/v2\/pages\/107"}],"collection":[{"href":"https:\/\/oystesejfl.org\/index.php\/wp-json\/wp\/v2\/pages"}],"about":[{"href":"https:\/\/oystesejfl.org\/index.php\/wp-json\/wp\/v2\/types\/page"}],"author":[{"embeddable":true,"href":"https:\/\/oystesejfl.org\/index.php\/wp-json\/wp\/v2\/users\/1"}],"replies":[{"embeddable":true,"href":"https:\/\/oystesejfl.org\/index.php\/wp-json\/wp\/v2\/comments?post=107"}],"version-history":[{"count":7,"href":"https:\/\/oystesejfl.org\/index.php\/wp-json\/wp\/v2\/pages\/107\/revisions"}],"predecessor-version":[{"id":1017,"href":"https:\/\/oystesejfl.org\/index.php\/wp-json\/wp\/v2\/pages\/107\/revisions\/1017"}],"wp:attachment":[{"href":"https:\/\/oystesejfl.org\/index.php\/wp-json\/wp\/v2\/media?parent=107"}],"curies":[{"name":"wp","href":"https:\/\/api.w.org\/{rel}","templated":true}]}}